{"id":17,"date":"2016-03-20T18:26:12","date_gmt":"2016-03-20T18:26:12","guid":{"rendered":"http:\/\/hivernagecaravanes.lafermesauvage.be\/?page_id=17"},"modified":"2023-05-04T15:28:46","modified_gmt":"2023-05-04T15:28:46","slug":"nos-hivernages-2","status":"publish","type":"page","link":"https:\/\/hivernagecaravanes.lafermesauvage.be\/?page_id=17","title":{"rendered":"Nos hivernages"},"content":{"rendered":"<p>Nous acceptons des caravanes \u00e0 simple essieu, des mobilhomes, des camping cars, des v\u00e9hicules anc\u00eatres, des remorques&#8230;.<\/p>\n<p>Nous hivernons les v\u00e9hicules dans de grands hangars neufs , avec sol en b\u00e9ton liss\u00e9, dans un espace s\u00e9curis\u00e9.<br \/>\nNous d\u00e9pla\u00e7ons et pr\u00e9parons nous m\u00eame les v\u00e9hicules .<\/p>\n<p>Les heures d&rsquo;ouverture sont assez larges puisque nous vivons sur place.<br \/>\nIl suffit de prendre rendez vous 2 ou 3 jours \u00e0 l&rsquo;avance.<br \/>\nEt quand vous arrivez, votre v\u00e9hicule est pr\u00eat.<\/p>\n<p>En cas de besoin, de l&rsquo;eau et de l&rsquo;\u00e9lectricit\u00e9 sont disponibles .<\/p>\n<p>Nous disposons \u00e9galement de containers de stockage, de 20 pieds ( soit des containers de 6m*2,4m*2,25m pour environ 32 m\u00e8tres cubes) .<\/p>\n","protected":false},"excerpt":{"rendered":"<p>Nous acceptons des caravanes \u00e0 simple essieu, des mobilhomes, des camping cars, des v\u00e9hicules anc\u00eatres, des remorques&#8230;. Nous hivernons les v\u00e9hicules dans de grands hangars neufs , avec sol en b\u00e9ton liss\u00e9, dans un espace s\u00e9curis\u00e9. Nous d\u00e9pla\u00e7ons et pr\u00e9parons &hellip; <a href=\"https:\/\/hivernagecaravanes.lafermesauvage.be\/?page_id=17\">Continuer la lecture <span class=\"meta-nav\">&rarr;<\/span><\/a><\/p>\n","protected":false},"author":1,"featured_media":0,"parent":0,"menu_order":0,"comment_status":"closed","ping_status":"closed","template":"","meta":{"footnotes":""},"class_list":["post-17","page","type-page","status-publish","hentry"],"_links":{"self":[{"href":"https:\/\/hivernagecaravanes.lafermesauvage.be\/index.php?rest_route=\/wp\/v2\/pages\/17","targetHints":{"allow":["GET"]}}],"collection":[{"href":"https:\/\/hivernagecaravanes.lafermesauvage.be\/index.php?rest_route=\/wp\/v2\/pages"}],"about":[{"href":"https:\/\/hivernagecaravanes.lafermesauvage.be\/index.php?rest_route=\/wp\/v2\/types\/page"}],"author":[{"embeddable":true,"href":"https:\/\/hivernagecaravanes.lafermesauvage.be\/index.php?rest_route=\/wp\/v2\/users\/1"}],"replies":[{"embeddable":true,"href":"https:\/\/hivernagecaravanes.lafermesauvage.be\/index.php?rest_route=%2Fwp%2Fv2%2Fcomments&post=17"}],"version-history":[{"count":9,"href":"https:\/\/hivernagecaravanes.lafermesauvage.be\/index.php?rest_route=\/wp\/v2\/pages\/17\/revisions"}],"predecessor-version":[{"id":132,"href":"https:\/\/hivernagecaravanes.lafermesauvage.be\/index.php?rest_route=\/wp\/v2\/pages\/17\/revisions\/132"}],"wp:attachment":[{"href":"https:\/\/hivernagecaravanes.lafermesauvage.be\/index.php?rest_route=%2Fwp%2Fv2%2Fmedia&parent=17"}],"curies":[{"name":"wp","href":"https:\/\/api.w.org\/{rel}","templated":true}]}}