{"id":21,"date":"2016-03-20T18:26:45","date_gmt":"2016-03-20T18:26:45","guid":{"rendered":"http:\/\/hivernagecaravanes.lafermesauvage.be\/?page_id=21"},"modified":"2019-02-19T20:59:33","modified_gmt":"2019-02-19T20:59:33","slug":"contacts","status":"publish","type":"page","link":"https:\/\/hivernagecaravanes.lafermesauvage.be\/?page_id=21","title":{"rendered":"Contacts"},"content":{"rendered":"<p>Vous pouvez nous contacter<br \/>\npar t\u00e9l\u00e9phone (mobile) aupr\u00e8s de Bernard au 0473\/410 479 \u00a0 \u00a0 \u00a0 \u00a0 \u00a0 \u00a0 \u00a0 \u00a0 \u00a0 \u00a0 \u00a0 \u00a0 \u00a0 \u00a0 \u00a0 \u00a0 \u00a0 \u00a0 \u00a0 \u00a0 \u00a0 \u00a0 \u00a0 \u00a0 \u00a0 par email \u00e0 l&rsquo;adresse &lsquo;bernard.sauvage@hotmail.com&rsquo;<\/p>\n","protected":false},"excerpt":{"rendered":"<p>Vous pouvez nous contacter par t\u00e9l\u00e9phone (mobile) aupr\u00e8s de Bernard au 0473\/410 479 \u00a0 \u00a0 \u00a0 \u00a0 \u00a0 \u00a0 \u00a0 \u00a0 \u00a0 \u00a0 \u00a0 \u00a0 \u00a0 \u00a0 \u00a0 \u00a0 \u00a0 \u00a0 \u00a0 \u00a0 \u00a0 \u00a0 \u00a0 \u00a0 \u00a0 par email &hellip; <a href=\"https:\/\/hivernagecaravanes.lafermesauvage.be\/?page_id=21\">Continuer la lecture <span class=\"meta-nav\">&rarr;<\/span><\/a><\/p>\n","protected":false},"author":1,"featured_media":0,"parent":0,"menu_order":0,"comment_status":"closed","ping_status":"closed","template":"","meta":{"footnotes":""},"class_list":["post-21","page","type-page","status-publish","hentry"],"_links":{"self":[{"href":"https:\/\/hivernagecaravanes.lafermesauvage.be\/index.php?rest_route=\/wp\/v2\/pages\/21","targetHints":{"allow":["GET"]}}],"collection":[{"href":"https:\/\/hivernagecaravanes.lafermesauvage.be\/index.php?rest_route=\/wp\/v2\/pages"}],"about":[{"href":"https:\/\/hivernagecaravanes.lafermesauvage.be\/index.php?rest_route=\/wp\/v2\/types\/page"}],"author":[{"embeddable":true,"href":"https:\/\/hivernagecaravanes.lafermesauvage.be\/index.php?rest_route=\/wp\/v2\/users\/1"}],"replies":[{"embeddable":true,"href":"https:\/\/hivernagecaravanes.lafermesauvage.be\/index.php?rest_route=%2Fwp%2Fv2%2Fcomments&post=21"}],"version-history":[{"count":5,"href":"https:\/\/hivernagecaravanes.lafermesauvage.be\/index.php?rest_route=\/wp\/v2\/pages\/21\/revisions"}],"predecessor-version":[{"id":94,"href":"https:\/\/hivernagecaravanes.lafermesauvage.be\/index.php?rest_route=\/wp\/v2\/pages\/21\/revisions\/94"}],"wp:attachment":[{"href":"https:\/\/hivernagecaravanes.lafermesauvage.be\/index.php?rest_route=%2Fwp%2Fv2%2Fmedia&parent=21"}],"curies":[{"name":"wp","href":"https:\/\/api.w.org\/{rel}","templated":true}]}}