{"id":61,"date":"2016-04-23T15:01:27","date_gmt":"2016-04-23T15:01:27","guid":{"rendered":"http:\/\/hivernagecaravanes.lafermesauvage.be\/?page_id=61"},"modified":"2025-01-03T12:27:38","modified_gmt":"2025-01-03T11:27:38","slug":"bonjour","status":"publish","type":"page","link":"https:\/\/hivernagecaravanes.lafermesauvage.be\/","title":{"rendered":"Bonjour"},"content":{"rendered":"<p>Bonjour,<\/p>\n<p>Bienvenue sur le site des <strong>hivernages de caravanes<\/strong> de la ferme Sauvage .<\/p>\n<p>Nous vous proposons de garder votre v\u00e9hicule lorsque vous ne vous en servez pas.<\/p>\n<p>Nous vous proposons aussi un service de <strong>garde meuble<\/strong> dans des containers de stockage.<\/p>\n<p>Les heures d\u2019acc\u00e8s sont assez larges puisque nous vivons sur place ( dans des limites raisonnables, \u00e9videmment) .<\/p>\n<p>Nous sommes situ\u00e9s \u00e0 Braine le Comte ( \u00e0 40 km de Bruxelles et 20 de Mons).<\/p>\n","protected":false},"excerpt":{"rendered":"<p>Bonjour, Bienvenue sur le site des hivernages de caravanes de la ferme Sauvage . Nous vous proposons de garder votre v\u00e9hicule lorsque vous ne vous en servez pas. Nous vous proposons aussi un service de garde meuble dans des containers &hellip; <a href=\"https:\/\/hivernagecaravanes.lafermesauvage.be\/\">Continuer la lecture <span class=\"meta-nav\">&rarr;<\/span><\/a><\/p>\n","protected":false},"author":1,"featured_media":0,"parent":0,"menu_order":0,"comment_status":"closed","ping_status":"closed","template":"","meta":{"footnotes":""},"class_list":["post-61","page","type-page","status-publish","hentry"],"_links":{"self":[{"href":"https:\/\/hivernagecaravanes.lafermesauvage.be\/index.php?rest_route=\/wp\/v2\/pages\/61","targetHints":{"allow":["GET"]}}],"collection":[{"href":"https:\/\/hivernagecaravanes.lafermesauvage.be\/index.php?rest_route=\/wp\/v2\/pages"}],"about":[{"href":"https:\/\/hivernagecaravanes.lafermesauvage.be\/index.php?rest_route=\/wp\/v2\/types\/page"}],"author":[{"embeddable":true,"href":"https:\/\/hivernagecaravanes.lafermesauvage.be\/index.php?rest_route=\/wp\/v2\/users\/1"}],"replies":[{"embeddable":true,"href":"https:\/\/hivernagecaravanes.lafermesauvage.be\/index.php?rest_route=%2Fwp%2Fv2%2Fcomments&post=61"}],"version-history":[{"count":4,"href":"https:\/\/hivernagecaravanes.lafermesauvage.be\/index.php?rest_route=\/wp\/v2\/pages\/61\/revisions"}],"predecessor-version":[{"id":162,"href":"https:\/\/hivernagecaravanes.lafermesauvage.be\/index.php?rest_route=\/wp\/v2\/pages\/61\/revisions\/162"}],"wp:attachment":[{"href":"https:\/\/hivernagecaravanes.lafermesauvage.be\/index.php?rest_route=%2Fwp%2Fv2%2Fmedia&parent=61"}],"curies":[{"name":"wp","href":"https:\/\/api.w.org\/{rel}","templated":true}]}}